{"id":22,"date":"2010-09-11T13:00:54","date_gmt":"2010-09-11T13:00:54","guid":{"rendered":"http:\/\/meditationgraz.wordpress.com\/"},"modified":"2024-10-26T19:06:54","modified_gmt":"2024-10-26T19:06:54","slug":"programmplan-meditation","status":"publish","type":"page","link":"https:\/\/meditationgraz.com\/?page_id=22","title":{"rendered":"Adressen &amp; Programmplan"},"content":{"rendered":"<div id=\"_mcePaste\">\n<hr \/>\n<p>Unsere Meditationen sind Freitags in Graz:<\/p>\n<p><strong>Wann?<\/strong>\u00a0 Freitag 19 Uhr bis ca. 20.30 Uhr: (au\u00dfer Feiertag, Schulferien)<\/p>\n<p><strong>Wo?\u00a0<\/strong> LendOase,<\/p>\n<p>Sigmundstadl 13\/26\/KG, 8020 Graz. (bei 26 klingeln, T\u00fcr \u00f6ffnet, dann ins Kellergescho\u00df.<\/p>\n<\/div>\n<p><strong>Online-Meditationen:<\/strong><\/p>\n<div id=\"_mcePaste\">\n<p><span style=\"color: #0000ff;\">Du kannst auch bei Online-Meditationen verschiedener Sahaja Yoga &#8211; Gruppen teilnehmen. Einen \u00dcbersicht \u00fcber das Angebot vor Ort und online findest du in diesem Link:<\/span><\/p>\n<blockquote class=\"wp-embedded-content\" data-secret=\"CxBtJHjvIZ\"><p><a href=\"https:\/\/sahajayoga.at\/meditations-kurse-finden\/\">Meditations Kurse finden<\/a><\/p><\/blockquote>\n<p><iframe loading=\"lazy\" class=\"wp-embedded-content\" sandbox=\"allow-scripts\" security=\"restricted\" style=\"position: absolute; visibility: hidden;\" title=\"&#8220;Meditations Kurse finden&#8221; &#8212; Sahaja Yoga Meditation\" src=\"https:\/\/sahajayoga.at\/meditations-kurse-finden\/embed\/#?secret=KPXTg78ZPU#?secret=CxBtJHjvIZ\" data-secret=\"CxBtJHjvIZ\" width=\"600\" height=\"338\" frameborder=\"0\" marginwidth=\"0\" marginheight=\"0\" scrolling=\"no\"><\/iframe><\/p>\n<p><span style=\"color: #0000ff;\">\u00a0<\/span><\/p>\n<\/div>\n<hr \/>\n<div id=\"_mcePaste\">\n<p>Probiere es aus! F\u00fchle Deinen Spirit und lass dich \u00fcberraschen. Eine Anmeldung ist nicht erforderlich.<\/p>\n<p>Schau einfach mal vorbei!<\/p>\n<div><\/div>\n<\/div>\n<div><strong>Kursinhalte:<\/strong><\/div>\n<p>&#8211; Balancieren des Subtilen Energiesystems<br \/>\n&#8211; Reingungstechniken f\u00fcr die Chakren (Energiezentren)<br \/>\n&#8211; Meditation<\/p>\n<div>Die Teilnahme an Sahaja Yoga Meditationskursen ist f\u00fcr jedermann kostenfrei und unverbindlich. <strong>Und? \u00a0Es bringt Dich weiter!<\/strong><\/div>\n","protected":false},"excerpt":{"rendered":"<p>Unsere Meditationen sind Freitags in Graz: Wann?\u00a0 Freitag 19 Uhr bis ca. 20.30 Uhr: (au\u00dfer Feiertag, Schulferien) Wo?\u00a0 LendOase, Sigmundstadl 13\/26\/KG, 8020 Graz. (bei 26 klingeln, T\u00fcr \u00f6ffnet, dann ins Kellergescho\u00df. Online-Meditationen: Du kannst auch bei Online-Meditationen verschiedener Sahaja Yoga &#8211; Gruppen teilnehmen. Einen \u00dcbersicht \u00fcber das Angebot vor Ort und online findest du in [&hellip;]<\/p>\n","protected":false},"author":1,"featured_media":0,"parent":0,"menu_order":0,"comment_status":"open","ping_status":"open","template":"","meta":{"footnotes":""},"class_list":["post-22","page","type-page","status-publish","hentry","post-preview"],"_links":{"self":[{"href":"https:\/\/meditationgraz.com\/index.php?rest_route=\/wp\/v2\/pages\/22","targetHints":{"allow":["GET"]}}],"collection":[{"href":"https:\/\/meditationgraz.com\/index.php?rest_route=\/wp\/v2\/pages"}],"about":[{"href":"https:\/\/meditationgraz.com\/index.php?rest_route=\/wp\/v2\/types\/page"}],"author":[{"embeddable":true,"href":"https:\/\/meditationgraz.com\/index.php?rest_route=\/wp\/v2\/users\/1"}],"replies":[{"embeddable":true,"href":"https:\/\/meditationgraz.com\/index.php?rest_route=%2Fwp%2Fv2%2Fcomments&post=22"}],"version-history":[{"count":4,"href":"https:\/\/meditationgraz.com\/index.php?rest_route=\/wp\/v2\/pages\/22\/revisions"}],"predecessor-version":[{"id":765,"href":"https:\/\/meditationgraz.com\/index.php?rest_route=\/wp\/v2\/pages\/22\/revisions\/765"}],"wp:attachment":[{"href":"https:\/\/meditationgraz.com\/index.php?rest_route=%2Fwp%2Fv2%2Fmedia&parent=22"}],"curies":[{"name":"wp","href":"https:\/\/api.w.org\/{rel}","templated":true}]}}